{"id":2,"date":"2019-10-19T15:56:21","date_gmt":"2019-10-19T15:56:21","guid":{"rendered":"http:\/\/t-2g.de\/?page_id=2"},"modified":"2023-06-29T18:38:25","modified_gmt":"2023-06-29T18:38:25","slug":"sample-page","status":"publish","type":"page","link":"http:\/\/t-2g.de\/","title":{"rendered":"Tradition 2.0"},"content":{"rendered":"<h2><strong>VORWORT<\/strong><\/h2>\n<p>Sehr geehrte Damen und Herren,<\/p>\n<p>Wir sind das Team von Tradition 2.0, die zweite und wesentlich kleinere Gastronomie des in Aachen erfolgreichen, vietnamesischen Restaurants \u201cTradition aus Vietnam bei Van\u201d. Seit dem 1. Februar 2020 stehen Wir nun auch in Merkstein vor IhrerT\u00fcr. Gerne w\u00fcrden wir uns mit diesem Schreiben kurz vorstellen und hoffen dabei, Ihre Neugier geweckt zu haben.<\/p>\n<p>Kulinarisch folgen wir im \u201cTradition\u201d einer leichten, gesunden, aromatischen und schmackhaften K\u00fcche. Wir sind speziell der vietnamesischen Landesk\u00fcche verpflichtet. Die vietnamesische Kochtradition ist ein Zusammenspiel aus vielen verschieden Zutaten der \u00fcppigen Vegetation und den Einfl\u00fcssen aus China, Indien, Thailand, Kambodscha und Frankreich. Aber was macht nun die K\u00fcche Vietnams so einzigartig? Es die Frische, die Leichtigkeit und die Ausgewogenheit, die sie von anderen K\u00fcchen unterscheidet. Um nur einige H\u00f6hepunkte zu nennen: duftende Reisgerichte, frische Kr\u00e4uter, traditionell, knusprige Fr\u00fchlingsrollen und Sommerrollen in allen Variationen und die ber\u00fchmte Nudelsuppe aus dem Norden: \u201c Pho Bo \u201c.<\/p>\n<p>Lassen Sie sich von unseren Team auf eine vietnamesische Reise verf\u00fchren: genie\u00dfen Sie eine kleine Variation der vietnamesischen K\u00fcche, ob To-Go oder To-Stay.<\/p>\n<p>Wenn Sie ein Liebhaber der vietnamesischen K\u00fcche sind, dann sind Sie hier genau richtig \u2013 Sollten Sie noch nicht auf den Geschmack gekommen sein, dann probieren Sie selbst und lassen Sie sich verzaubern.<\/p>\n<p>Wir freuen uns sehr auf Ihren Besuch in unserem Tradition 2.0<\/p>\n<p>Ihr Tradition 2.0 Team<\/p>\n","protected":false},"excerpt":{"rendered":"<p>VORWORT Sehr geehrte Damen und Herren, Wir sind das Team von Tradition 2.0, die zweite und wesentlich kleinere Gastronomie des in Aachen erfolgreichen, vietnamesischen Restaurants \u201cTradition aus Vietnam bei Van\u201d. Seit dem 1. Februar 2020 stehen Wir nun auch in Merkstein vor IhrerT\u00fcr. Gerne w\u00fcrden wir uns mit diesem Schreiben kurz vorstellen und hoffen dabei, &hellip; <\/p>\n<p class=\"link-more\"><a href=\"http:\/\/t-2g.de\/\" class=\"more-link\"><span class=\"screen-reader-text\">\u201eTradition 2.0\u201c<\/span> weiterlesen<\/a><\/p>\n","protected":false},"author":1,"featured_media":0,"parent":0,"menu_order":0,"comment_status":"closed","ping_status":"open","template":"","meta":[],"_links":{"self":[{"href":"http:\/\/t-2g.de\/index.php?rest_route=\/wp\/v2\/pages\/2"}],"collection":[{"href":"http:\/\/t-2g.de\/index.php?rest_route=\/wp\/v2\/pages"}],"about":[{"href":"http:\/\/t-2g.de\/index.php?rest_route=\/wp\/v2\/types\/page"}],"author":[{"embeddable":true,"href":"http:\/\/t-2g.de\/index.php?rest_route=\/wp\/v2\/users\/1"}],"replies":[{"embeddable":true,"href":"http:\/\/t-2g.de\/index.php?rest_route=%2Fwp%2Fv2%2Fcomments&post=2"}],"version-history":[{"count":22,"href":"http:\/\/t-2g.de\/index.php?rest_route=\/wp\/v2\/pages\/2\/revisions"}],"predecessor-version":[{"id":390,"href":"http:\/\/t-2g.de\/index.php?rest_route=\/wp\/v2\/pages\/2\/revisions\/390"}],"wp:attachment":[{"href":"http:\/\/t-2g.de\/index.php?rest_route=%2Fwp%2Fv2%2Fmedia&parent=2"}],"curies":[{"name":"wp","href":"https:\/\/api.w.org\/{rel}","templated":true}]}}